{"id":198,"date":"2024-09-28T16:03:20","date_gmt":"2024-09-28T14:03:20","guid":{"rendered":"http:\/\/potegatradycji.pl\/?page_id=198"},"modified":"2026-02-06T14:29:35","modified_gmt":"2026-02-06T13:29:35","slug":"polityka-prywatnosci","status":"publish","type":"page","link":"http:\/\/potegatradycji.pl\/en\/polityka-prywatnosci\/","title":{"rendered":"Privacy Policy"},"content":{"rendered":"<div class=\"brz-root__container brz-reset-all brz\">\n<section id=\"_i1c_rwGM4Wg_\" class=\"brz-section brz-css-mMrXi brz-css-rj2kD\">\n<div class=\"brz-section__content brz-section--boxed brz-css-cZkXt brz-css-tph6q\" data-brz-custom-id=\"woBn_6ANKSQ6\">\n<div class=\"brz-bg\">\n<div class=\"brz-bg-image\"><\/div>\n<div class=\"brz-bg-color\"><\/div>\n<\/div>\n<div class=\"brz-container brz-css-a8GXH\">\n<div class=\"brz-row__container brz-css-gysdV\" data-brz-custom-id=\"oVub33s6LwlV\">\n<div class=\"brz-bg\"><\/div>\n<div class=\"brz-row brz-css-g4CIF brz-css-vmIsW\">\n<div class=\"brz-columns brz-css-r35gZ brz-css-q4P4u\" data-brz-custom-id=\"kJBjXr0DEnH8\">\n<div class=\"brz-bg\"><\/div>\n<div class=\"brz-column__items brz-css-tYuY9\">\n<div id=\"\" class=\"brz-css-pN1D7 brz-wrapper\">\n<div class=\"brz-rich-text brz-rich-text__custom brz-css-fqmdL\" data-brz-custom-id=\"lVz7lr4gjV0g\">\n<div data-brz-translate-text=\"1\">\n<p class=\"brz-text-xs-center brz-tp-lg-heading2 brz-css-uGAuk\" data-generated-css=\"brz-css-eGSx2\" data-uniq-id=\"lEqvn\"><span class=\"brz-cp-color8\">Privacy Policy<\/span><\/p>\n<\/div>\n<\/div>\n<\/div>\n<\/div>\n<\/div>\n<div class=\"brz-columns brz-css-r35gZ brz-css-dokwH\" data-brz-custom-id=\"df2qokbSkV0f\">\n<div class=\"brz-bg\"><\/div>\n<div class=\"brz-column__items brz-css-tYuY9\">\n<div id=\"\" class=\"brz-css-pN1D7 brz-css-owcmU brz-wrapper\">\n<div class=\"brz-spacer brz-css-wgxAB brz-css-uNa7N\"><\/div>\n<\/div>\n<\/div>\n<\/div>\n<\/div>\n<\/div>\n<\/div>\n<\/div>\n<\/section>\n<section id=\"_rFjJ5QHtt0BJ\" class=\"brz-section brz-css-mMrXi\">\n<div class=\"brz-section__content brz-section--boxed brz-css-cZkXt brz-css-kvjG3\" data-brz-custom-id=\"dSARpG3xlovk\">\n<div class=\"brz-bg\">\n<div class=\"brz-bg-color\"><\/div>\n<\/div>\n<div class=\"brz-container brz-css-a8GXH\">\n<div class=\"brz-row__container brz-css-gysdV\" data-brz-custom-id=\"aYs5dGVfTX1w\">\n<div class=\"brz-bg\"><\/div>\n<div class=\"brz-row brz-css-g4CIF brz-css-vmIsW\">\n<div class=\"brz-columns brz-css-r35gZ brz-css-duUUv\" data-brz-custom-id=\"u6qMZNh8pGr4\">\n<div class=\"brz-bg\">\n<div class=\"brz-bg-color\"><\/div>\n<\/div>\n<div class=\"brz-column__items brz-css-tYuY9 brz-css-rSl3Q\">\n<div id=\"\" class=\"brz-css-pN1D7 brz-css-fLMvD brz-wrapper\">\n<div class=\"brz-rich-text brz-rich-text__custom brz-css-fqmdL\" data-brz-custom-id=\"vONuzdUAoPnS\">\n<div data-brz-translate-text=\"1\">\n<p class=\"brz-tp-lg-paragraph brz-css-kWt8A\" data-uniq-id=\"lscN3\" data-generated-css=\"brz-css-zR0ob\"><span class=\"brz-cp-color7\">The website and online store www.potegatradycji.vinkon.com.pl is intended only for adults.<\/span><\/p>\n<p class=\"brz-tp-lg-paragraph brz-css-kzKoQ\" data-uniq-id=\"mJp5y\" data-generated-css=\"brz-css-f9NO9\"><span class=\"brz-cp-color7\"> <\/span><\/p>\n<p class=\"brz-tp-lg-paragraph brz-css-asO4N\" data-uniq-id=\"bfk9_\" data-generated-css=\"brz-css-cTj_s\"><strong class=\"brz-cp-color7\">Data collected during registration<\/strong><\/p>\n<p class=\"brz-tp-lg-paragraph brz-css-kWsr1\" data-uniq-id=\"rfFIr\" data-generated-css=\"brz-css-vQpx5\"><span class=\"brz-cp-color7\">To use some of the functions of our system, you will need to register. During registration, we will ask you for your email address and the password you will use on our website.<\/span><\/p>\n<p class=\"brz-tp-lg-paragraph brz-css-x7Eu1\" data-uniq-id=\"fnSpM\" data-generated-css=\"brz-css-yFos3\"><span class=\"brz-cp-color7\"> <\/span><\/p>\n<p class=\"brz-tp-lg-paragraph brz-css-uZOlV\" data-uniq-id=\"lpeuW\" data-generated-css=\"brz-css-gLfDi\"><strong class=\"brz-cp-color7\">Data collected during a purchase transaction<\/strong><\/p>\n<p class=\"brz-tp-lg-paragraph brz-css-iFeXg\" data-uniq-id=\"koA0_\" data-generated-css=\"brz-css-hxQ_r\"><span class=\"brz-cp-color7\">Before we can purchase goods in our store, we will ask you for your name, surname, residential address, telephone number, and data regarding the payment method, e.g. credit card type, credit card number, expiration date, CVV number.<\/span><\/p>\n<p class=\"brz-tp-lg-paragraph brz-css-jAJPX\" data-uniq-id=\"esp3_\" data-generated-css=\"brz-css-msF7I\"><span class=\"brz-cp-color7\"> <\/span><\/p>\n<p class=\"brz-tp-lg-paragraph brz-css-nb2F4\" data-uniq-id=\"ykuee\" data-generated-css=\"brz-css-oGncu\"><strong class=\"brz-cp-color7\">Data collected automatically<\/strong><\/p>\n<p class=\"brz-tp-lg-paragraph brz-css-zQ04M\" data-uniq-id=\"t8ZsF\" data-generated-css=\"brz-css-m72E_\"><span class=\"brz-cp-color7\">During your visit to our website, data regarding your visit is automatically collected, e.g. your IP address, domain name, browser type, operating system type, etc.<\/span><\/p>\n<p class=\"brz-tp-lg-paragraph brz-css-cJRbX\" data-uniq-id=\"caSJM\" data-generated-css=\"brz-css-qPlmD\"><span class=\"brz-cp-color7\"> <\/span><\/p>\n<p class=\"brz-tp-lg-paragraph brz-css-e381y\" data-uniq-id=\"eT696\" data-generated-css=\"brz-css-zJnPE\"><strong class=\"brz-cp-color7\">Data collected when you contact us<\/strong><\/p>\n<p class=\"brz-tp-lg-paragraph brz-css-cRJll\" data-uniq-id=\"gfsJw\" data-generated-css=\"brz-css-lJ0gK\"><span class=\"brz-cp-color7\">When you contact us via the website, telephone, e-mail, etc., you provide us with your personal data, e.g. name, surname, e-mail address, etc.<\/span><\/p>\n<p class=\"brz-tp-lg-paragraph brz-css-hKasM\" data-uniq-id=\"kHpTx\" data-generated-css=\"brz-css-gWPOP\"><span class=\"brz-cp-color7\"> <\/span><\/p>\n<p class=\"brz-tp-lg-paragraph brz-css-f5ywt\" data-uniq-id=\"ipDhD\" data-generated-css=\"brz-css-eCe_9\"><strong class=\"brz-cp-color7\">How do we use your data?<\/strong><\/p>\n<p class=\"brz-tp-lg-paragraph brz-css-fb5QP\" data-uniq-id=\"sCEev\" data-generated-css=\"brz-css-e75fb\"><span class=\"brz-cp-color7\">Under no circumstances will we sell the data collected about you to third parties.<\/span><\/p>\n<p class=\"brz-tp-lg-paragraph brz-css-psPuL\" data-uniq-id=\"dy5ow\" data-generated-css=\"brz-css-f4gmc\"><span class=\"brz-cp-color7\"> <\/span><\/p>\n<p class=\"brz-tp-lg-paragraph brz-css-kn_vh\" data-uniq-id=\"cSgNM\" data-generated-css=\"brz-css-yvNY8\"><span class=\"brz-cp-color7\">The data collected during registration will only be used to enable you to log in to our system. Registration is mandatory if you want to make a purchase.<\/span><\/p>\n<p class=\"brz-tp-lg-paragraph brz-css-n8c13\" data-uniq-id=\"jYw1i\" data-generated-css=\"brz-css-vfElN\"><span class=\"brz-cp-color7\"> <\/span><\/p>\n<p class=\"brz-tp-lg-paragraph brz-css-iXZgi\" data-uniq-id=\"bJHER\" data-generated-css=\"brz-css-oA20D\"><span class=\"brz-cp-color7\">The data collected during the purchase transaction will be used to complete the transaction, including collecting money from you and sending you the ordered goods. For this purpose, your data may be transferred to the company handling payment transactions in order to charge your credit card. This company will not use this data for any other purpose. Providing this data is mandatory if you want to make a purchase.<\/span><\/p>\n<p class=\"brz-tp-lg-paragraph brz-css-d85Uw\" data-uniq-id=\"iWxuG\" data-generated-css=\"brz-css-azomC\"><span class=\"brz-cp-color7\"> <\/span><\/p>\n<p class=\"brz-tp-lg-paragraph brz-css-ppkic\" data-uniq-id=\"kieod\" data-generated-css=\"brz-css-gD7WM\"><span class=\"brz-cp-color7\">If you have subscribed to our Newsletter or otherwise agreed to receive it, we will use your data to send you our Newsletter. You will be asked if you want to receive the Newsletter when registering.<\/span><\/p>\n<p class=\"brz-tp-lg-paragraph brz-css-dE5Pz\" data-uniq-id=\"svHuT\" data-generated-css=\"brz-css-qqIAU\"><span class=\"brz-cp-color7\"> <\/span><\/p>\n<p class=\"brz-tp-lg-paragraph brz-css-vVPUH\" data-uniq-id=\"wGtnR\" data-generated-css=\"brz-css-uRjnx\"><span class=\"brz-cp-color7\">Data collected automatically may be used to analyze user behavior on our website, collect demographic data about our users, or to personalize the content of our websites. This data is collected automatically about each user. Data collected during correspondence between you and our website will be used only to respond to your inquiry.<\/span><\/p>\n<p class=\"brz-tp-lg-paragraph brz-css-oW7UV\" data-uniq-id=\"dldK6\" data-generated-css=\"brz-css-hrwiO\"><span class=\"brz-cp-color7\"> <\/span><\/p>\n<p class=\"brz-tp-lg-paragraph brz-css-hcKz3\" data-uniq-id=\"cvSJO\" data-generated-css=\"brz-css-lldKd\"><span class=\"brz-cp-color7\">In the event of an inspection by the Inspectorate General for Personal Data Protection, your data may be made available to the Inspectorate's employees in accordance with the Personal Data Protection Act.<\/span><\/p>\n<p class=\"brz-tp-lg-paragraph brz-css-yjj0f\" data-uniq-id=\"gihyS\" data-generated-css=\"brz-css-fcuMf\"><span class=\"brz-cp-color7\"> <\/span><\/p>\n<p class=\"brz-tp-lg-paragraph brz-css-qtFyH\" data-uniq-id=\"kXSoC\" data-generated-css=\"brz-css-tBVTi\"><span class=\"brz-cp-color7\">In the event of a violation of the Regulations of our website, violation of the law, or when required by law, we may disclose your data to judicial authorities.<\/span><\/p>\n<p class=\"brz-tp-lg-paragraph brz-css-tCZVn\" data-uniq-id=\"bWoOe\" data-generated-css=\"brz-css-iYC26\"><span class=\"brz-cp-color7\"> <\/span><\/p>\n<p class=\"brz-tp-lg-paragraph brz-css-msA42\" data-uniq-id=\"xddfI\" data-generated-css=\"brz-css-aH6P3\"><strong class=\"brz-cp-color7\">How will we contact you?<\/strong><\/p>\n<p class=\"brz-tp-lg-paragraph brz-css-fkm6m\" data-uniq-id=\"oBUVL\" data-generated-css=\"brz-css-sXtbc\"><span class=\"brz-cp-color7\">If you have purchased goods, you may receive emails from us regarding your transaction. We may also contact you by phone if we have important information regarding your transaction.<\/span><\/p>\n<p class=\"brz-tp-lg-paragraph brz-css-p96ir\" data-uniq-id=\"iP5rP\" data-generated-css=\"brz-css-yVrth\"><span class=\"brz-cp-color7\"> <\/span><\/p>\n<p class=\"brz-tp-lg-paragraph brz-css-f9phf\" data-uniq-id=\"h2Jp5\" data-generated-css=\"brz-css-ne8TO\"><span class=\"brz-cp-color7\">If you have subscribed to our Newsletter or otherwise agreed to receive it, you will receive our Newsletter by e-mail.<\/span><\/p>\n<p class=\"brz-tp-lg-paragraph brz-css-mkI70\" data-uniq-id=\"tm1KC\" data-generated-css=\"brz-css-kDkRV\"><span class=\"brz-cp-color7\"> <\/span><\/p>\n<p class=\"brz-tp-lg-paragraph brz-css-dJKQQ\" data-uniq-id=\"jPawQ\" data-generated-css=\"brz-css-vAiYU\"><strong class=\"brz-cp-color7\">How can you inform us about changes to your data?<\/strong><\/p>\n<p class=\"brz-tp-lg-paragraph brz-css-v3YT5\" data-uniq-id=\"sXxAt\" data-generated-css=\"brz-css-tWqug\"><span class=\"brz-cp-color7\">After logging in to the system and selecting the Data section, you can make changes or delete your personal data collected during registration and used to log in to the system and send the Newsletter. The data used for the purchase transaction cannot be changed or deleted because they are part of the bill or invoice. Data collected automatically cannot be changed or deleted.<\/span><\/p>\n<p class=\"brz-tp-lg-paragraph brz-css-an875\" data-uniq-id=\"yWCQz\" data-generated-css=\"brz-css-lqZDm\"><span class=\"brz-cp-color7\"> <\/span><\/p>\n<p class=\"brz-tp-lg-paragraph brz-css-kjzGi\" data-uniq-id=\"eJD5M\" data-generated-css=\"brz-css-mhefy\"><strong class=\"brz-cp-color7\">Wykorzystanie ciasteczek (&#8222;cookies&#8221;)<\/strong><\/p>\n<p class=\"brz-tp-lg-paragraph brz-css-xfvuE\" data-uniq-id=\"yBySQ\" data-generated-css=\"brz-css-iwfo1\"><span class=\"brz-cp-color7\">Our website may use cookies to identify your browser when using our website, so that we know which page to display to you. Cookies do not contain any personal data.<\/span><\/p>\n<p class=\"brz-tp-lg-paragraph brz-css-qd2BJ\" data-uniq-id=\"e_WvR\" data-generated-css=\"brz-css-shMr_\"><span class=\"brz-cp-color7\"> <\/span><\/p>\n<p class=\"brz-tp-lg-paragraph brz-css-d4Psq\" data-uniq-id=\"wp0FY\" data-generated-css=\"brz-css-odpno\"><strong class=\"brz-cp-color7\">How do we secure your personal data?<\/strong><\/p>\n<p class=\"brz-tp-lg-paragraph brz-css-n5j57\" data-uniq-id=\"wCJTR\" data-generated-css=\"brz-css-q_u9z\"><span class=\"brz-cp-color7\">Communication between your computer and our server when we collect your personal data is encrypted using the SSL (Secure Socket Layer) protocol. Additionally, our databases are protected against access by third parties.<\/span><\/p>\n<p class=\"brz-tp-lg-paragraph brz-css-qoFTL\" data-uniq-id=\"jBBu6\" data-generated-css=\"brz-css-iVZBu\"><span class=\"brz-cp-color7\"> <\/span><\/p>\n<p class=\"brz-tp-lg-paragraph brz-css-fUKOa\" data-uniq-id=\"g3sHL\" data-generated-css=\"brz-css-iTrpe\"><strong class=\"brz-cp-color7\">Changes to our privacy policy.<\/strong><\/p>\n<p class=\"brz-tp-lg-paragraph brz-css-hAX2U\" data-uniq-id=\"gbVox\" data-generated-css=\"brz-css-u_ZYV\"><span class=\"brz-cp-color7\">We reserve the right to change the above privacy policy by publishing a new privacy policy on this website.<\/span><\/p>\n<p class=\"brz-tp-lg-paragraph brz-css-orUWJ\" data-uniq-id=\"m6rST\" data-generated-css=\"brz-css-isauh\"><span class=\"brz-cp-color7\"> <\/span><\/p>\n<p class=\"brz-tp-lg-paragraph brz-css-ida5R\" data-uniq-id=\"ceTY_\" data-generated-css=\"brz-css-lnY7Z\"><strong class=\"brz-cp-color7\">Database administrator<\/strong><\/p>\n<p class=\"brz-tp-lg-paragraph brz-css-lm_GC\" data-uniq-id=\"izrYv\" data-generated-css=\"brz-css-zUHBb\"><span class=\"brz-cp-color7\">The administrator of the customer database of the website and online store www.potegatradycji.pl is VIN-KON S.A. The content of the website is the property of VIN-KON S.A. and is legally protected. It can be used privately for educational and cognitive purposes. It may not be copied or distributed in any way for commercial purposes.<\/span><\/p>\n<p class=\"brz-tp-lg-paragraph brz-css-l8I0Q\" data-uniq-id=\"dIO7A\" data-generated-css=\"brz-css-qKfUv\"><span class=\"brz-cp-color7\"> <\/span><\/p>\n<p class=\"brz-tp-lg-paragraph brz-css-lxQ64\" data-uniq-id=\"wLHEp\" data-generated-css=\"brz-css-hgOgf\"><strong class=\"brz-cp-color7\">Contact<\/strong><\/p>\n<p class=\"brz-tp-lg-paragraph brz-css-tjyWJ\" data-uniq-id=\"ww21Z\" data-generated-css=\"brz-css-vchgx\"><span class=\"brz-cp-color7\">Company collecting data: VIN-KON S.A. , st. D\u0105browskiego 35, 62-500 Konin, Poland.<\/span><\/p>\n<p class=\"brz-tp-lg-paragraph brz-css-df75W\" data-uniq-id=\"chSYI\" data-generated-css=\"brz-css-oajSq\"><span class=\"brz-cp-color7\"> <\/span><\/p>\n<p class=\"brz-tp-lg-paragraph brz-css-kIC28\" data-uniq-id=\"ug34K\" data-generated-css=\"brz-css-vXhoY\"><span class=\"brz-cp-color7\">If you have additional questions regarding privacy protection, please contact us using the contact form on the contact page.<\/span><\/p>\n<p class=\"brz-tp-lg-paragraph brz-css-lh3BH\" data-uniq-id=\"uApUq\" data-generated-css=\"brz-css-dzlXE\"><span class=\"brz-cp-color7\"> <\/span><\/p>\n<p class=\"brz-tp-lg-paragraph brz-css-ttzZC\" data-uniq-id=\"lUbun\" data-generated-css=\"brz-css-sewZd\"><span class=\"brz-cp-color7\">EGISTRATION ON THE WEBSITE CONSTITUTES ACCEPTANCE OF THE ABOVE REGULATIONS.<\/span><\/p>\n<\/div>\n<\/div>\n<\/div>\n<\/div>\n<\/div>\n<\/div>\n<\/div>\n<\/div>\n<\/div>\n<\/section>\n<\/div>\n<p>    <!-- version:1732562947 --><\/p>","protected":false},"excerpt":{"rendered":"<p>Polityka prywatno\u015bci Serwis i sklep internetowy www.potegatradycji.vinkon.com.pl jest przeznaczony wy\u0142\u0105cznie dla os\u00f3b pe\u0142noletnich. Dane zbierane podczas rejestracji Aby\u015b m\u00f3g\u0142 skorzysta\u0107 [&hellip;]<\/p>","protected":false},"author":1,"featured_media":0,"parent":0,"menu_order":0,"comment_status":"closed","ping_status":"closed","template":"brizy-blank-template.php","meta":{"site-sidebar-layout":"default","site-content-layout":"","ast-site-content-layout":"default","site-content-style":"default","site-sidebar-style":"default","ast-global-header-display":"","ast-banner-title-visibility":"","ast-main-header-display":"","ast-hfb-above-header-display":"","ast-hfb-below-header-display":"","ast-hfb-mobile-header-display":"","site-post-title":"","ast-breadcrumbs-content":"","ast-featured-img":"","footer-sml-layout":"","ast-disable-related-posts":"","theme-transparent-header-meta":"","adv-header-id-meta":"","stick-header-meta":"","header-above-stick-meta":"","header-main-stick-meta":"","header-below-stick-meta":"","astra-migrate-meta-layouts":"default","ast-page-background-enabled":"default","ast-page-background-meta":{"desktop":{"background-color":"var(--ast-global-color-4)","background-image":"","background-repeat":"repeat","background-position":"center center","background-size":"auto","background-attachment":"scroll","background-type":"","background-media":"","overlay-type":"","overlay-color":"","overlay-opacity":"","overlay-gradient":""},"tablet":{"background-color":"","background-image":"","background-repeat":"repeat","background-position":"center center","background-size":"auto","background-attachment":"scroll","background-type":"","background-media":"","overlay-type":"","overlay-color":"","overlay-opacity":"","overlay-gradient":""},"mobile":{"background-color":"","background-image":"","background-repeat":"repeat","background-position":"center center","background-size":"auto","background-attachment":"scroll","background-type":"","background-media":"","overlay-type":"","overlay-color":"","overlay-opacity":"","overlay-gradient":""}},"ast-content-background-meta":{"desktop":{"background-color":"var(--ast-global-color-5)","background-image":"","background-repeat":"repeat","background-position":"center center","background-size":"auto","background-attachment":"scroll","background-type":"","background-media":"","overlay-type":"","overlay-color":"","overlay-opacity":"","overlay-gradient":""},"tablet":{"background-color":"var(--ast-global-color-5)","background-image":"","background-repeat":"repeat","background-position":"center center","background-size":"auto","background-attachment":"scroll","background-type":"","background-media":"","overlay-type":"","overlay-color":"","overlay-opacity":"","overlay-gradient":""},"mobile":{"background-color":"var(--ast-global-color-5)","background-image":"","background-repeat":"repeat","background-position":"center center","background-size":"auto","background-attachment":"scroll","background-type":"","background-media":"","overlay-type":"","overlay-color":"","overlay-opacity":"","overlay-gradient":""}},"footnotes":""},"class_list":["post-198","page","type-page","status-publish","hentry"],"brizy_media":[],"_links":{"self":[{"href":"http:\/\/potegatradycji.pl\/en\/wp-json\/wp\/v2\/pages\/198","targetHints":{"allow":["GET"]}}],"collection":[{"href":"http:\/\/potegatradycji.pl\/en\/wp-json\/wp\/v2\/pages"}],"about":[{"href":"http:\/\/potegatradycji.pl\/en\/wp-json\/wp\/v2\/types\/page"}],"author":[{"embeddable":true,"href":"http:\/\/potegatradycji.pl\/en\/wp-json\/wp\/v2\/users\/1"}],"replies":[{"embeddable":true,"href":"http:\/\/potegatradycji.pl\/en\/wp-json\/wp\/v2\/comments?post=198"}],"version-history":[{"count":5,"href":"http:\/\/potegatradycji.pl\/en\/wp-json\/wp\/v2\/pages\/198\/revisions"}],"predecessor-version":[{"id":229,"href":"http:\/\/potegatradycji.pl\/en\/wp-json\/wp\/v2\/pages\/198\/revisions\/229"}],"wp:attachment":[{"href":"http:\/\/potegatradycji.pl\/en\/wp-json\/wp\/v2\/media?parent=198"}],"curies":[{"name":"wp","href":"https:\/\/api.w.org\/{rel}","templated":true}]}}