{"id":34,"date":"2024-09-22T17:20:04","date_gmt":"2024-09-22T15:20:04","guid":{"rendered":"http:\/\/potegatradycji.pl\/?page_id=34"},"modified":"2026-02-06T11:07:58","modified_gmt":"2026-02-06T10:07:58","slug":"kontakt","status":"publish","type":"page","link":"http:\/\/potegatradycji.pl\/en\/kontakt\/","title":{"rendered":"Contact"},"content":{"rendered":"<div class=\"brz-root__container brz-reset-all brz\">\n<section id=\"_fEfOdEnqMgHy\" class=\"brz-section brz-css-qGrHz brz-css-mVLnt\">\n<div class=\"brz-section__content brz-section--boxed brz-css-fOOVt brz-css-sMLZv\" data-brz-custom-id=\"k7iUK9aesbgK\">\n<div class=\"brz-bg\">\n<div class=\"brz-bg-image\"><\/div>\n<div class=\"brz-bg-color\"><\/div>\n<\/div>\n<div class=\"brz-container brz-css-sycrZ\">\n<div class=\"brz-row__container brz-css-c5gBC\" data-brz-custom-id=\"bUY7Q44_SSrJ\">\n<div class=\"brz-bg\"><\/div>\n<div class=\"brz-row brz-css-tRCPC brz-css-l7LW2\">\n<div class=\"brz-columns brz-css-juWsq brz-css-oKpBm\" data-brz-custom-id=\"iYPCD5O1klCB\">\n<div class=\"brz-bg\"><\/div>\n<div class=\"brz-column__items brz-css-lytVr\">\n<div id=\"\" class=\"brz-css-tBnpo brz-wrapper\">\n<div class=\"brz-rich-text brz-rich-text__custom brz-css-gkxLS\" data-brz-custom-id=\"kef_SPMoW4BL\">\n<div data-brz-translate-text=\"1\">\n<p class=\"brz-tp-lg-heading2 brz-text-xs-center brz-css-y45sm\" data-uniq-id=\"aXfLo\" data-generated-css=\"brz-css-nHRyZ\"><span class=\"brz-cp-color8\">Contact<\/span><\/p>\n<\/div>\n<\/div>\n<\/div>\n<\/div>\n<\/div>\n<div class=\"brz-columns brz-css-juWsq brz-css-ue10F\" data-brz-custom-id=\"d0CuHC84V1G3\">\n<div class=\"brz-bg\"><\/div>\n<div class=\"brz-column__items brz-css-lytVr\">\n<div id=\"\" class=\"brz-css-tBnpo brz-css-qxfu3 brz-wrapper\">\n<div class=\"brz-spacer brz-css-aCPif\"><\/div>\n<\/div>\n<\/div>\n<\/div>\n<\/div>\n<\/div>\n<\/div>\n<\/div>\n<\/section>\n<section id=\"_hSWottMQtu81\" class=\"brz-section brz-css-qGrHz\">\n<div class=\"brz-section__content brz-section--boxed brz-css-fOOVt brz-css-fO0tJ\" data-brz-custom-id=\"yIAPkLsoiVmK\">\n<div class=\"brz-bg\">\n<div class=\"brz-bg-color\"><\/div>\n<\/div>\n<div class=\"brz-container brz-css-sycrZ\">\n<div class=\"brz-row__container brz-css-c5gBC\" data-brz-custom-id=\"p16dmOMcYZfK\">\n<div class=\"brz-bg\"><\/div>\n<div class=\"brz-row brz-css-tRCPC brz-css-l7LW2\">\n<div class=\"brz-columns brz-css-juWsq brz-css-rwkXE\" data-brz-custom-id=\"sJG6jv4_j4Ru\">\n<div class=\"brz-bg\">\n<div class=\"brz-bg-color\"><\/div>\n<\/div>\n<div class=\"brz-column__items brz-css-lytVr brz-css-hugi8\">\n<div class=\"brz-row__container brz-css-c5gBC\" data-brz-custom-id=\"nqasT9POIdgT\">\n<div class=\"brz-bg\"><\/div>\n<div class=\"brz-row brz-row--inner brz-css-tRCPC brz-css-l7LW2\">\n<div class=\"brz-columns brz-css-juWsq brz-css-hc1IQ\" data-brz-custom-id=\"dzLeg0Oc4CQR\">\n<div class=\"brz-bg\"><\/div>\n<div class=\"brz-column__items brz-css-lytVr brz-css-wB6bh\">\n<div id=\"\" class=\"brz-css-tBnpo brz-wrapper\">\n<div class=\"brz-rich-text brz-rich-text__custom brz-css-gkxLS\" data-brz-custom-id=\"tQ1AFaq42VLO\">\n<div data-brz-translate-text=\"1\">\n<h4 data-uniq-id=\"tC95z\" data-generated-css=\"brz-css-tTUTS\" class=\"brz-tp-lg-heading4 brz-css-nUoLt\"><span class=\"brz-cp-color2\">Contact us<\/span><\/h4>\n<\/div>\n<\/div>\n<\/div>\n<div id=\"\" class=\"brz-css-tBnpo brz-css-qxfu3 brz-css-p4od6 brz-wrapper\">\n<div class=\"brz-spacer brz-css-aCPif brz-css-lHT1_\"><\/div>\n<\/div>\n<div id=\"\" class=\"brz-css-tBnpo brz-wrapper\">\n<div data-brz-form-version=\"2\" class=\"brz-forms2 brz-css-tZBKX\" data-brz-custom-id=\"rcX79Pqmrdhg\">\n<div data-brz-translate-text=\"1\" class=\"brz-forms2__item brz-css-w43sy brz-css-aUpgD\"><\/div>\n<div data-brz-translate-text=\"1\" class=\"brz-forms2__item brz-css-w43sy brz-css-aUpgD\"><\/div>\n<div data-brz-translate-text=\"1\" class=\"brz-forms2__item brz-css-w43sy brz-css-aUpgD\"><\/div>\n<div data-brz-translate-text=\"1\" class=\"brz-forms2__item brz-css-w43sy brz-css-aUpgD brz-css-ecYfE\"><textarea id=\"vzh1On6WAvIs_\" name=\"yUI5VyQqro8o\" data-brz-type=\"Paragraph\" data-brz-label=\"Wiadomo\u015b\u0107\" data-brz-placeholder=\"Wiadomo\u015b\u0107\" class=\"brz-textarea brz-forms2__field brz-forms2__field-paragraph\"><\/textarea><\/div>\n<div class=\"brz-forms2 brz-forms2__item brz-forms2__item-button\" data-brz-custom-id=\"rcX79Pqmrdhg\">\n<div class=\"brz-hover-animation__container\" data-brz-hover-animationid=\"xFqE4TH9zRKS\" data-brz-hover-options=\"%7B%22duration%22:600,%22iterations%22:1%7D\" data-brz-hover-reversible=\"true\" data-brz-hover-target=\"%22firstChild%22\"><button class=\"brz-btn brz-btn-submit brz-css-rTg5W brz-css-wQomF\" data-brz-custom-id=\"xFqE4TH9zRKS\"><span data-brz-translate-text=\"1\" class=\"brz-span brz-text__editor\">Submit<\/span><\/button><\/div>\n<\/div>\n<div class=\"brz-g-recaptcha\" data-sitekey=\"6LfB9FEqAAAAAHfF-6W3ICG3BMvKFzs6vJQu0jGm\" data-size=\"invisible\" data-callback=\"brzFormV2Captcha\"><\/div>\n<\/div>\n<\/div>\n<\/div>\n<\/div>\n<div class=\"brz-columns brz-css-juWsq brz-css-vxSZQ\" data-brz-custom-id=\"srcbGOnmziH_\">\n<div class=\"brz-bg\"><\/div>\n<div class=\"brz-column__items brz-css-lytVr brz-css-q6g4H\">\n<div id=\"\" class=\"brz-css-tBnpo brz-css-v0Yee brz-wrapper\">\n<div class=\"brz-rich-text brz-rich-text__custom brz-css-gkxLS\" data-brz-custom-id=\"fj0nnaVvLPzV\">\n<div data-brz-translate-text=\"1\">\n<p class=\"brz-text-xs-center brz-fsft-lg-0 brz-fwdth-lg-100 brz-vfw-lg-400 brz-lh-lg-1_8 brz-ls-lg-0 brz-fw-lg-400 brz-fss-lg-px brz-fs-lg-22 brz-ft-google brz-ff-lato brz-tp-lg-empty brz-css-hZ5Vs\" data-generated-css=\"brz-css-lssEV\" data-uniq-id=\"xR62u\"><span class=\"brz-cp-color7\">Address<\/span><\/p>\n<\/div>\n<\/div>\n<\/div>\n<div id=\"\" class=\"brz-css-tBnpo brz-css-q2pJb brz-wrapper\">\n<div class=\"brz-rich-text brz-rich-text__custom brz-css-gkxLS\" data-brz-custom-id=\"atPlzcUGmcgV\">\n<div data-brz-translate-text=\"1\">\n<p class=\"brz-tp-lg-paragraph brz-text-xs-center brz-css-bHED0\" data-generated-css=\"brz-css-hV2kp\" data-uniq-id=\"uOE65\"><span class=\"brz-cp-color7\">st. D\u0105browskiego 35, 62-500 Konin, Poland.<\/span><\/p>\n<\/div>\n<\/div>\n<\/div>\n<div id=\"\" class=\"brz-css-tBnpo brz-wrapper\">\n<div class=\"brz-rich-text brz-rich-text__custom brz-css-gkxLS\" data-brz-custom-id=\"l9zKt0t5fVT8\">\n<div data-brz-translate-text=\"1\">\n<p data-uniq-id=\"hJVCa\" data-generated-css=\"brz-css-tVtYf\" class=\"brz-tp-lg-empty brz-ff-lato brz-ft-google brz-fs-lg-16 brz-fss-lg-px brz-fw-lg-400 brz-ls-lg-0 brz-lh-lg-1_8 brz-vfw-lg-400 brz-fwdth-lg-100 brz-fsft-lg-0 brz-text-xs-center brz-css-eMNWX\"><span class=\"brz-cp-color7\">mobile: +48 693 908 464<\/span><\/p>\n<p data-uniq-id=\"pfpsJ\" data-generated-css=\"brz-css-raU7I\" class=\"brz-tp-lg-empty brz-ff-lato brz-ft-google brz-fs-lg-16 brz-fss-lg-px brz-fw-lg-400 brz-ls-lg-0 brz-lh-lg-1_8 brz-vfw-lg-400 brz-fwdth-lg-100 brz-fsft-lg-0 brz-text-xs-center brz-css-mMavV\"><span class=\"brz-cp-color7\">tel.: +48 63 244 10 32<\/span><\/p>\n<p data-uniq-id=\"ixjOv\" data-generated-css=\"brz-css-q0KUY\" class=\"brz-tp-lg-empty brz-ff-lato brz-ft-google brz-fs-lg-16 brz-fss-lg-px brz-fw-lg-400 brz-ls-lg-0 brz-lh-lg-1_8 brz-vfw-lg-400 brz-fwdth-lg-100 brz-fsft-lg-0 brz-text-xs-center brz-css-ejCBM\"><span class=\"brz-cp-color7\">fax: +48 63 242 93 76<\/span><\/p>\n<p data-uniq-id=\"eYYjy\" data-generated-css=\"brz-css-jI6cn\" class=\"brz-tp-lg-empty brz-ff-lato brz-ft-google brz-fs-lg-16 brz-fss-lg-px brz-fw-lg-400 brz-ls-lg-0 brz-lh-lg-1_8 brz-vfw-lg-400 brz-fwdth-lg-100 brz-fsft-lg-0 brz-text-xs-center brz-css-hUJVx\"><span class=\"brz-cp-color7\">E-mail: info@potegatradycji.pl<\/span><\/p>\n<p data-uniq-id=\"jqqxJ\" data-generated-css=\"brz-css-pStTQ\" class=\"brz-tp-lg-empty brz-ff-lato brz-ft-google brz-fs-lg-16 brz-fss-lg-px brz-fw-lg-400 brz-ls-lg-0 brz-lh-lg-1_8 brz-vfw-lg-400 brz-fwdth-lg-100 brz-fsft-lg-0 brz-text-xs-center brz-css-vGMnh\"><span class=\"brz-cp-color7\">We work from Monday to Friday from 7 a.m. to 3 p.m<\/span><\/p>\n<\/div>\n<\/div>\n<\/div>\n<\/div>\n<\/div>\n<\/div>\n<\/div>\n<div class=\"brz-row__container brz-css-c5gBC\" data-brz-custom-id=\"uWDyzdBMVtXP\">\n<div class=\"brz-bg\"><\/div>\n<div class=\"brz-row brz-row--inner brz-css-tRCPC\">\n<div class=\"brz-columns brz-css-juWsq brz-css-cRsqm\" data-brz-custom-id=\"yOy_25oFXGB5\">\n<div class=\"brz-bg\"><\/div>\n<div class=\"brz-column__items brz-css-lytVr\">\n<div id=\"\" class=\"brz-css-tBnpo brz-wrapper\">\n<div class=\"brz-map brz-map_styles brz-css-kmxp6\" data-brz-custom-id=\"mzRXIOGA2bMp\">\n<div class=\"brz-ui-ed-map-content\"><\/div>\n<\/div>\n<\/div>\n<\/div>\n<\/div>\n<\/div>\n<\/div>\n<\/div>\n<\/div>\n<\/div>\n<\/div>\n<\/div>\n<\/div>\n<\/section>\n<\/div>\n<p>    <!-- version:1732530152 --><\/p>","protected":false},"excerpt":{"rendered":"<p>Kontakt Skontaktuj si\u0119 z nami Wy\u015blij Adres ul. D\u0105browskiego 35, 62-500 Konin, Polska. kom.: +48 693 908 464 tel.: +48 [&hellip;]<\/p>","protected":false},"author":1,"featured_media":0,"parent":0,"menu_order":0,"comment_status":"closed","ping_status":"closed","template":"brizy-blank-template.php","meta":{"site-sidebar-layout":"default","site-content-layout":"","ast-site-content-layout":"default","site-content-style":"default","site-sidebar-style":"default","ast-global-header-display":"","ast-banner-title-visibility":"","ast-main-header-display":"","ast-hfb-above-header-display":"","ast-hfb-below-header-display":"","ast-hfb-mobile-header-display":"","site-post-title":"","ast-breadcrumbs-content":"","ast-featured-img":"","footer-sml-layout":"","ast-disable-related-posts":"","theme-transparent-header-meta":"","adv-header-id-meta":"","stick-header-meta":"","header-above-stick-meta":"","header-main-stick-meta":"","header-below-stick-meta":"","astra-migrate-meta-layouts":"default","ast-page-background-enabled":"default","ast-page-background-meta":{"desktop":{"background-color":"var(--ast-global-color-4)","background-image":"","background-repeat":"repeat","background-position":"center center","background-size":"auto","background-attachment":"scroll","background-type":"","background-media":"","overlay-type":"","overlay-color":"","overlay-opacity":"","overlay-gradient":""},"tablet":{"background-color":"","background-image":"","background-repeat":"repeat","background-position":"center center","background-size":"auto","background-attachment":"scroll","background-type":"","background-media":"","overlay-type":"","overlay-color":"","overlay-opacity":"","overlay-gradient":""},"mobile":{"background-color":"","background-image":"","background-repeat":"repeat","background-position":"center center","background-size":"auto","background-attachment":"scroll","background-type":"","background-media":"","overlay-type":"","overlay-color":"","overlay-opacity":"","overlay-gradient":""}},"ast-content-background-meta":{"desktop":{"background-color":"var(--ast-global-color-5)","background-image":"","background-repeat":"repeat","background-position":"center center","background-size":"auto","background-attachment":"scroll","background-type":"","background-media":"","overlay-type":"","overlay-color":"","overlay-opacity":"","overlay-gradient":""},"tablet":{"background-color":"var(--ast-global-color-5)","background-image":"","background-repeat":"repeat","background-position":"center center","background-size":"auto","background-attachment":"scroll","background-type":"","background-media":"","overlay-type":"","overlay-color":"","overlay-opacity":"","overlay-gradient":""},"mobile":{"background-color":"var(--ast-global-color-5)","background-image":"","background-repeat":"repeat","background-position":"center center","background-size":"auto","background-attachment":"scroll","background-type":"","background-media":"","overlay-type":"","overlay-color":"","overlay-opacity":"","overlay-gradient":""}},"footnotes":""},"class_list":["post-34","page","type-page","status-publish","hentry"],"brizy_media":[],"_links":{"self":[{"href":"http:\/\/potegatradycji.pl\/en\/wp-json\/wp\/v2\/pages\/34","targetHints":{"allow":["GET"]}}],"collection":[{"href":"http:\/\/potegatradycji.pl\/en\/wp-json\/wp\/v2\/pages"}],"about":[{"href":"http:\/\/potegatradycji.pl\/en\/wp-json\/wp\/v2\/types\/page"}],"author":[{"embeddable":true,"href":"http:\/\/potegatradycji.pl\/en\/wp-json\/wp\/v2\/users\/1"}],"replies":[{"embeddable":true,"href":"http:\/\/potegatradycji.pl\/en\/wp-json\/wp\/v2\/comments?post=34"}],"version-history":[{"count":8,"href":"http:\/\/potegatradycji.pl\/en\/wp-json\/wp\/v2\/pages\/34\/revisions"}],"predecessor-version":[{"id":227,"href":"http:\/\/potegatradycji.pl\/en\/wp-json\/wp\/v2\/pages\/34\/revisions\/227"}],"wp:attachment":[{"href":"http:\/\/potegatradycji.pl\/en\/wp-json\/wp\/v2\/media?parent=34"}],"curies":[{"name":"wp","href":"https:\/\/api.w.org\/{rel}","templated":true}]}}