{"id":8,"date":"2024-09-17T16:26:56","date_gmt":"2024-09-17T16:26:56","guid":{"rendered":"http:\/\/potegatradycji.pl\/?page_id=8"},"modified":"2026-02-06T11:07:50","modified_gmt":"2026-02-06T10:07:50","slug":"home","status":"publish","type":"page","link":"http:\/\/potegatradycji.pl\/en\/","title":{"rendered":"Home"},"content":{"rendered":"<div class=\"brz-root__container brz-reset-all brz\">\n<section id=\"_vOrgLrJdQ88d\" class=\"brz-section brz-css-x6XpL brz-css-cLYoT\">\n<div class=\"brz-section__content brz-section--boxed brz-css-ibbqL brz-css-dORGr\" data-brz-custom-id=\"hmLg_l1LgJnk\">\n<div class=\"brz-bg\">\n<div class=\"brz-bg-image\"><\/div>\n<div class=\"brz-bg-color\"><\/div>\n<\/div>\n<div class=\"brz-container brz-css-q_2yw\">\n<div class=\"brz-row__container brz-css-ye4ci\" data-brz-custom-id=\"wVi9TT8NCEc5\">\n<div class=\"brz-bg\"><\/div>\n<div class=\"brz-row brz-css-p0OpM brz-css-hM0n2\">\n<div class=\"brz-columns brz-css-gNNUk brz-css-i9st5\" data-brz-custom-id=\"wyK1qeHZXT9L\">\n<div class=\"brz-bg\"><\/div>\n<div class=\"brz-column__items brz-css-gmlYx\">\n<div id=\"\" class=\"brz-css-nvugT brz-wrapper\">\n<div class=\"brz-rich-text brz-rich-text__custom brz-css-iyhWo\" data-brz-custom-id=\"zBT6xU6j75YL\">\n<div data-brz-translate-text=\"1\">\n<h1 data-uniq-id=\"nXTlD\" data-generated-css=\"brz-css-zqvmS\" class=\"brz-tp-lg-heading1 brz-css-rbHC_\"><span class=\"brz-cp-color8\">Pot\u0119ga tradycji<\/span><\/h1>\n<\/div>\n<\/div>\n<\/div>\n<div id=\"\" class=\"brz-css-nvugT brz-wrapper\">\n<div class=\"brz-rich-text brz-rich-text__custom brz-css-iyhWo\" data-brz-custom-id=\"c85IhIoTkISk\">\n<div data-brz-translate-text=\"1\">\n<p data-uniq-id=\"nVX4r\" data-generated-css=\"brz-css-lryok\" class=\"brz-ff-lato brz-ft-google brz-fs-lg-18 brz-fss-lg-px brz-fw-lg-400 brz-ls-lg-0 brz-lh-lg-1_8 brz-vfw-lg-400 brz-fwdth-lg-100 brz-fsft-lg-0 brz-tp-lg-paragraph brz-css-yBC2x\"><span class=\"brz-cp-color5\">hand in hand with modernity<\/span><\/p>\n<\/div>\n<\/div>\n<\/div>\n<\/div>\n<\/div>\n<div class=\"brz-columns brz-css-gNNUk brz-css-mKVGU\" data-brz-custom-id=\"ckCynqoVJB8N\">\n<div class=\"brz-bg\"><\/div>\n<div class=\"brz-column__items brz-css-gmlYx\">\n<div id=\"\" class=\"brz-css-nvugT brz-css-zagzP brz-wrapper\">\n<div class=\"brz-spacer brz-css-dHy_b brz-css-oVzrS\"><\/div>\n<\/div>\n<\/div>\n<\/div>\n<\/div>\n<\/div>\n<\/div>\n<\/div>\n<\/section>\n<section id=\"_iRfiXfHkdhV0\" class=\"brz-section brz-css-x6XpL\">\n<div class=\"brz-section__content brz-section--boxed brz-css-ibbqL brz-css-k5fY_\" data-brz-custom-id=\"hJGdthsUsOXU\">\n<div class=\"brz-bg\">\n<div class=\"brz-bg-color\"><\/div>\n<\/div>\n<div class=\"brz-container brz-css-q_2yw\">\n<div class=\"brz-row__container brz-css-ye4ci\" data-brz-custom-id=\"bVSTkWcUuWRp\">\n<div class=\"brz-bg\"><\/div>\n<div class=\"brz-row brz-css-p0OpM brz-css-hM0n2\">\n<div class=\"brz-columns brz-css-gNNUk brz-css-jIUbd\" data-brz-custom-id=\"tb8kf53Xh8VJ\">\n<div class=\"brz-bg\">\n<div class=\"brz-bg-color\"><\/div>\n<\/div>\n<div class=\"brz-column__items brz-css-gmlYx brz-css-sIZNA\">\n<div class=\"brz-row__container brz-css-ye4ci brz-css-kKIhz\" data-brz-custom-id=\"asfgja2hwLwJ\">\n<div class=\"brz-bg\"><\/div>\n<div class=\"brz-row brz-row--inner brz-css-p0OpM brz-css-hM0n2\">\n<div class=\"brz-columns brz-css-gNNUk brz-css-qByxe\" data-brz-custom-id=\"jBVvH3EPjNLB\">\n<div class=\"brz-bg\"><\/div>\n<div class=\"brz-column__items brz-css-gmlYx\">\n<div id=\"\" class=\"brz-css-nvugT brz-css-zagzP brz-wrapper\">\n<div class=\"brz-spacer brz-css-dHy_b\"><\/div>\n<\/div>\n<\/div>\n<\/div>\n<div class=\"brz-columns brz-css-gNNUk brz-css-oQGF1\" data-brz-custom-id=\"f6QfNDHG2R7M\">\n<div class=\"brz-bg\"><\/div>\n<div class=\"brz-column__items brz-css-gmlYx\">\n<div id=\"\" class=\"brz-css-nvugT brz-css-tgZSB brz-wrapper\">\n<div class=\"brz-image brz-css-cjOVb\" data-brz-custom-id=\"se63ZCZ1qNpZ\"><img decoding=\"async\" class=\"brz-img\" src=\"http:\/\/potegatradycji.pl\/wp-content\/uploads\/brizy\/imgs\/para_wino-357x475x0x0x357x475x1727551842.jpg\" alt=\"\" loading=\"lazy\"><\/div>\n<\/div>\n<\/div>\n<\/div>\n<\/div>\n<\/div>\n<div class=\"brz-row__container brz-css-ye4ci\" data-brz-custom-id=\"xZrVAG04gDx6\">\n<div class=\"brz-bg\"><\/div>\n<div class=\"brz-row brz-row--inner brz-css-p0OpM brz-css-hM0n2\">\n<div class=\"brz-columns brz-css-gNNUk brz-css-pUNsL\" data-brz-custom-id=\"fLBCPrzxfkmt\">\n<div class=\"brz-bg\"><\/div>\n<div class=\"brz-column__items brz-css-gmlYx\">\n<div id=\"\" class=\"brz-css-nvugT brz-css-mLSyC brz-wrapper\">\n<div class=\"brz-image brz-css-s5bCw\" data-brz-custom-id=\"bOrjpf5MB4Me\"><img decoding=\"async\" class=\"brz-img\" src=\"http:\/\/potegatradycji.pl\/wp-content\/uploads\/brizy\/imgs\/9884799d03ec6a9225cdd1e2a07d6bf6-303x405x0x0x303x405x1727547140.jpg\" alt=\"\" loading=\"lazy\"><\/div>\n<\/div>\n<\/div>\n<\/div>\n<div class=\"brz-columns brz-css-gNNUk brz-css-zNFsz\" data-brz-custom-id=\"n695Ti1f9hZj\">\n<div class=\"brz-bg\"><\/div>\n<div class=\"brz-column__items brz-css-gmlYx brz-css-uuUXy\">\n<div id=\"\" class=\"brz-css-nvugT brz-css-zagzP brz-css-cEXhz brz-wrapper\">\n<div class=\"brz-spacer brz-css-dHy_b brz-css-brPPf\"><\/div>\n<\/div>\n<div id=\"\" class=\"brz-css-nvugT brz-wrapper\">\n<div class=\"brz-rich-text brz-rich-text__custom brz-css-iyhWo\" data-brz-custom-id=\"oZqklWwwssUx\">\n<div data-brz-translate-text=\"1\">\n<p class=\"brz-tp-lg-heading2 brz-css-vSUWz\" data-uniq-id=\"gwEZH\" data-generated-css=\"brz-css-zRhwT\"><span class=\"brz-cp-color2\">Hand in hand with modernity<\/span><\/p>\n<\/div>\n<\/div>\n<\/div>\n<div id=\"\" class=\"brz-css-nvugT brz-css-hU542 brz-wrapper\">\n<div class=\"brz-rich-text brz-rich-text__custom brz-css-iyhWo\" data-brz-custom-id=\"hMSD2WAN22dg\">\n<div data-brz-translate-text=\"1\">\n<p class=\"brz-tp-lg-paragraph brz-css-i7Btl\" data-generated-css=\"brz-css-b5el4\" data-uniq-id=\"vox7Z\"><span class=\"brz-cp-color7\">This noble drink \"for health\" has been enjoyed centuries ago. We also know that drinking wine (in reasonable amounts) ensures a longer and healthier life, creating products of the Pot\u0119ga Tradycji brand from Konin. Hence the idea to produce fruit wines based on traditional recipes.<\/span><\/p>\n<p class=\"brz-tp-lg-paragraph brz-css-yQXMY\" data-generated-css=\"brz-css-gbVUP\" data-uniq-id=\"fk0xs\"><span class=\"brz-cp-color7\"> <\/span><\/p>\n<p class=\"brz-tp-lg-paragraph brz-css-oFi8x\" data-generated-css=\"brz-css-sAYE4\" data-uniq-id=\"rnsUv\"><span class=\"brz-cp-color7\">Old recipes plus a technological process based on the traditional fermentation method plus high-quality raw materials and modern management of the creation process result in the highest quality and extraordinary taste and smell. This is how traditional fruit wines are made under the Pot\u0119ga Tradycji brand. The company cooperates with fruit growers from almost all over Poland, ensuring that the fruit used for production is of the highest quality.<\/span><\/p>\n<p class=\"brz-tp-lg-paragraph brz-css-rC3VT\" data-generated-css=\"brz-css-s1Tk2\" data-uniq-id=\"vFHCc\"><span class=\"brz-cp-color7\"> <\/span><\/p>\n<p class=\"brz-tp-lg-paragraph brz-css-tAxYo\" data-generated-css=\"brz-css-inGkE\" data-uniq-id=\"j3NOD\"><span class=\"brz-cp-color7\">Recalling Wincenta Zawadzka, \"fruit wine is a tradition of our cuisine\", we are trying to bring fruit wines back to our tables.<\/span><\/p>\n<p class=\"brz-tp-lg-paragraph brz-css-mXdEe\" data-generated-css=\"brz-css-inGkE\" data-uniq-id=\"j3NOD\"><span class=\"brz-cp-color7\"> <\/span><\/p>\n<p class=\"brz-tp-lg-paragraph brz-css-geDpq\" data-generated-css=\"brz-css-inGkE\" data-uniq-id=\"j3NOD\"><span class=\"brz-cp-color7\">We have introduced a group of wines made from Polish fruit to the market, including: chokeberry, cherry, blackcurrant, plum, rowan, wild rose and strawberry. This group includes, among others: ecological wines, while blackcurrant wine is included in the list of traditional and regional products at the Ministry of Agriculture (link to the website). The company has been a member of the Greater Poland Culinary Heritage network since 2012 (link to the website). In winter we offer mulled wine. <\/span><\/p>\n<\/div>\n<\/div>\n<\/div>\n<div id=\"\" class=\"brz-css-nvugT brz-css-zagzP brz-css-jt2ZU brz-wrapper\">\n<div class=\"brz-spacer brz-css-dHy_b brz-css-aunrE\"><\/div>\n<\/div>\n<\/div>\n<\/div>\n<\/div>\n<\/div>\n<div id=\"\" class=\"brz-css-nvugT brz-css-zagzP brz-css-sysFN brz-wrapper\">\n<div class=\"brz-spacer brz-css-dHy_b brz-css-fHhfH\"><\/div>\n<\/div>\n<div class=\"brz-row__container brz-css-ye4ci\" data-brz-custom-id=\"dg8QJpTrQ7RX\">\n<div class=\"brz-bg\"><\/div>\n<div class=\"brz-row brz-row--inner brz-css-p0OpM brz-css-hM0n2\">\n<div class=\"brz-columns brz-css-gNNUk brz-css-fppsA\" data-brz-custom-id=\"pMLdKo29L_Zv\">\n<div class=\"brz-bg\"><\/div>\n<div class=\"brz-column__items brz-css-gmlYx\">\n<div id=\"\" class=\"brz-css-nvugT brz-css-zagzP brz-wrapper\">\n<div class=\"brz-spacer brz-css-dHy_b brz-css-wmEE1\"><\/div>\n<\/div>\n<\/div>\n<\/div>\n<div class=\"brz-columns brz-css-gNNUk brz-css-ky4_m\" data-brz-custom-id=\"a0EEsnbXIok8\">\n<div class=\"brz-bg\"><\/div>\n<div class=\"brz-column__items brz-css-gmlYx brz-css-g4uED\">\n<div id=\"\" class=\"brz-css-nvugT brz-css-dWqwA brz-wrapper\">\n<div class=\"brz-image brz-css-tehjz\" data-brz-custom-id=\"sh5hmRGuTJoU\"><img decoding=\"async\" class=\"brz-img\" src=\"http:\/\/potegatradycji.pl\/wp-content\/uploads\/brizy\/imgs\/459cbc6207f436798aa32d3d51391331-485x271x0x0x485x271x1727547139.jpg\" alt=\"\" loading=\"lazy\"><\/div>\n<\/div>\n<\/div>\n<\/div>\n<\/div>\n<\/div>\n<\/div>\n<\/div>\n<\/div>\n<\/div>\n<\/div>\n<\/div>\n<\/section>\n<section id=\"_pJegie0OQuFt\" class=\"brz-section brz-css-x6XpL\">\n<div class=\"brz-section__content brz-section--boxed brz-css-ibbqL brz-css-oyMT0\" data-brz-custom-id=\"uM8OBwvpfBrK\">\n<div class=\"brz-bg\">\n<div class=\"brz-bg-color\"><\/div>\n<\/div>\n<div class=\"brz-container brz-css-q_2yw\">\n<div class=\"brz-row__container brz-css-ye4ci\" data-brz-custom-id=\"y1Xa_IVIOpam\">\n<div class=\"brz-bg\"><\/div>\n<div class=\"brz-row brz-css-p0OpM brz-css-hM0n2\">\n<div class=\"brz-columns brz-css-gNNUk brz-css-y5Giz\" data-brz-custom-id=\"yBSk0GN5CwTY\">\n<div class=\"brz-bg\">\n<div class=\"brz-bg-color\"><\/div>\n<\/div>\n<div class=\"brz-column__items brz-css-gmlYx brz-css-zhBGz\">\n<div id=\"\" class=\"brz-css-nvugT brz-css-zagzP brz-css-cfg2T brz-wrapper\">\n<div class=\"brz-spacer brz-css-dHy_b brz-css-cX9WN\"><\/div>\n<\/div>\n<div class=\"brz-row__container brz-css-ye4ci\" data-brz-custom-id=\"rPUFN0_2v2Ev\">\n<div class=\"brz-bg\"><\/div>\n<div class=\"brz-row brz-row--inner brz-css-p0OpM brz-css-hM0n2\">\n<div class=\"brz-columns brz-css-gNNUk brz-css-uathA\" data-brz-custom-id=\"wBYwuJyNl8PV\">\n<div class=\"brz-bg\"><\/div>\n<div class=\"brz-column__items brz-css-gmlYx brz-css-egUri\">\n<div id=\"\" class=\"brz-css-nvugT brz-wrapper\">\n<div class=\"brz-rich-text brz-rich-text__custom brz-css-iyhWo\" data-brz-custom-id=\"tUPHQQyLhrPt\">\n<div data-brz-translate-text=\"1\">\n<h3 data-generated-css=\"brz-css-kNf4q\" data-uniq-id=\"o4peD\" class=\"brz-tp-lg-heading3 brz-css-gG3Ed\"><span class=\"brz-cp-color2\">Efforts for tradition, safety and health<\/span><\/h3>\n<\/div>\n<\/div>\n<\/div>\n<div id=\"\" class=\"brz-css-nvugT brz-wrapper\">\n<div class=\"brz-rich-text brz-rich-text__custom brz-css-iyhWo\" data-brz-custom-id=\"eVhCDIgSU_M9\">\n<div data-brz-translate-text=\"1\">\n<p class=\"brz-tp-lg-paragraph brz-css-x8ZwC\" data-generated-css=\"brz-css-v1k0J\" data-uniq-id=\"pvNZU\"><span class=\"brz-cp-color7\">Power of Tradition cooperates with the Medical University of Warsaw and has subjected its products to tests entitled: \"Assessment of the radical-scavenging ability of wine using the paramagnetic resonance method.\" In the conclusion of the work co-edited by prof. Iwona Wawer - head of the Department of Physical Chemistry of this university - states that \"VIN-KON's cherry and chokeberry fruit wines performed surprisingly well compared to grape wines, which confirms that both types of fruit are comparable to dark grapes. Both cherry and chokeberry fruits are characterized by a high content of polyphenols, including anthocyanins. The test results confirm the opinion that dark-colored fruits and their products (e.g. wine) are an excellent source of antioxidants and should be a frequent item in the menu.<\/span><\/p>\n<p class=\"brz-tp-lg-paragraph brz-css-r5JsC\" data-generated-css=\"brz-css-v1k0J\" data-uniq-id=\"pvNZU\"><span class=\"brz-cp-color7\"> <\/span><\/p>\n<\/div>\n<\/div>\n<\/div>\n<\/div>\n<\/div>\n<div class=\"brz-columns brz-css-gNNUk brz-css-enOB5\" data-brz-custom-id=\"tbRxCqZjIWBA\">\n<div class=\"brz-bg\"><\/div>\n<div class=\"brz-column__items brz-css-gmlYx\">\n<div id=\"\" class=\"brz-css-nvugT brz-css-gqo6X brz-wrapper\">\n<div class=\"brz-image brz-css-di8JU\" data-brz-custom-id=\"p6IREKF6VCmE\"><img decoding=\"async\" class=\"brz-img\" src=\"http:\/\/potegatradycji.pl\/wp-content\/uploads\/brizy\/imgs\/wino_badania-289x384x1x0x287x384x1727551844.jpg\" alt=\"\" loading=\"lazy\"><\/div>\n<\/div>\n<\/div>\n<\/div>\n<\/div>\n<\/div>\n<div class=\"brz-row__container brz-css-ye4ci brz-css-igKaw\" data-brz-custom-id=\"gdGWRgwyj0go\">\n<div class=\"brz-bg\"><\/div>\n<div class=\"brz-row brz-row--inner brz-css-p0OpM brz-css-hM0n2\">\n<div class=\"brz-columns brz-css-gNNUk brz-css-nEZbk\" data-brz-custom-id=\"d73hsVTCWTbB\">\n<div class=\"brz-bg\"><\/div>\n<div class=\"brz-column__items brz-css-gmlYx brz-css-zOdS9\">\n<div id=\"\" class=\"brz-css-nvugT brz-wrapper\">\n<div class=\"brz-image brz-css-uU_tb\" data-brz-custom-id=\"tj4JIh5SYm6G\"><img decoding=\"async\" class=\"brz-img\" src=\"http:\/\/potegatradycji.pl\/wp-content\/uploads\/brizy\/imgs\/czerwone_zdrowie-452x302x21x0x410x302x1727551843.jpg\" alt=\"\" loading=\"lazy\"><\/div>\n<\/div>\n<\/div>\n<\/div>\n<div class=\"brz-columns brz-css-gNNUk brz-css-eDYY1\" data-brz-custom-id=\"hWhH6BxM5lgO\">\n<div class=\"brz-bg\"><\/div>\n<div class=\"brz-column__items brz-css-gmlYx brz-css-sEFic\">\n<div id=\"\" class=\"brz-css-nvugT brz-wrapper\">\n<div class=\"brz-rich-text brz-rich-text__custom brz-css-iyhWo\" data-brz-custom-id=\"q64JWwIaTEn0\">\n<div data-brz-translate-text=\"1\">\n<p class=\"brz-tp-lg-paragraph brz-css-a3kl4\" data-uniq-id=\"i4FP7\" data-generated-css=\"brz-css-aghoR\"><span class=\"brz-cp-color7\">For those who do not know why radicals should be \"scavenged\", let us explain that their presence in the body is considered one of the possible causes of diseases of the circulatory system and nervous system. The results of research by Warsaw scientists confirm the belief that red wine, including fruit wine and from Konin, can prevent heart and nervous ailments.<\/span><\/p>\n<\/div>\n<\/div>\n<\/div>\n<\/div>\n<\/div>\n<\/div>\n<\/div>\n<div id=\"\" class=\"brz-css-nvugT brz-css-zagzP brz-css-vQiwU brz-wrapper\">\n<div class=\"brz-spacer brz-css-dHy_b brz-css-iCyZZ\"><\/div>\n<\/div>\n<\/div>\n<\/div>\n<\/div>\n<\/div>\n<\/div>\n<\/div>\n<\/section>\n<section id=\"_i27D6CnYdMR1\" class=\"brz-section brz-css-x6XpL brz-css-cjVBN\">\n<div class=\"brz-section__content brz-section--boxed brz-css-ibbqL brz-css-vSpOi\" data-brz-custom-id=\"aRmRJOoTi3ZN\">\n<div class=\"brz-bg\">\n<div class=\"brz-bg-color\"><\/div>\n<\/div>\n<div class=\"brz-container brz-css-q_2yw\">\n<div id=\"\" class=\"brz-css-nvugT brz-css-yK2Dx brz-wrapper\">\n<div class=\"brz-image brz-css-jAFtc\" data-brz-custom-id=\"rkJWWmR63iDn\"><img decoding=\"async\" class=\"brz-img\" src=\"http:\/\/potegatradycji.pl\/wp-content\/uploads\/brizy\/imgs\/3e67de6b8b635194c32bc63bd178a53e-1638x624x0x0x1638x624x1727551839.jpg\" alt=\"\" loading=\"lazy\"><\/div>\n<\/div>\n<\/div>\n<\/div>\n<\/section>\n<section id=\"_yARlCQsSeQf7\" class=\"brz-section brz-css-x6XpL brz-css-vKA_r\">\n<div class=\"brz-section__content brz-section--fullWidth brz-css-ibbqL brz-css-uXpGq\" data-brz-custom-id=\"mhMvAjDjIjvW\">\n<div class=\"brz-container brz-css-q_2yw brz-css-sZILk\">\n<div class=\"brz-row__container brz-css-ye4ci brz-css-dsHjg\" data-brz-custom-id=\"m4u5OC0l0BkP\">\n<div class=\"brz-bg\">\n<div class=\"brz-bg-color\"><\/div>\n<\/div>\n<div class=\"brz-row brz-css-p0OpM brz-css-pM77K\">\n<div class=\"brz-columns brz-css-gNNUk\" data-brz-custom-id=\"e4xGDXxKqflE\">\n<div class=\"brz-bg\"><\/div>\n<div class=\"brz-column__items brz-css-gmlYx\">\n<div id=\"\" class=\"brz-css-nvugT brz-wrapper\">\n<div class=\"brz-image brz-css-sPr5f\" data-brz-custom-id=\"o6sAjAZONlBu\"><img decoding=\"async\" class=\"brz-img\" src=\"http:\/\/potegatradycji.pl\/wp-content\/uploads\/brizy\/imgs\/eko-380x253x0x0x380x253x1727551843.jpg\" alt=\"\" loading=\"lazy\"><\/div>\n<\/div>\n<\/div>\n<\/div>\n<div class=\"brz-columns brz-css-gNNUk\" data-brz-custom-id=\"n2T4Sol435qg\">\n<div class=\"brz-bg\"><\/div>\n<div class=\"brz-column__items brz-css-gmlYx\">\n<div id=\"\" class=\"brz-css-nvugT brz-wrapper\">\n<div class=\"brz-image brz-css-kVdF5\" data-brz-custom-id=\"pUSqcPVmBwGB\"><a class=\"brz-a\" href=\"https:\/\/www.culinaryheritage.net\/\" target=\"_blank\" rel=\"noopener\" data-brz-link-type=\"external\"><img decoding=\"async\" class=\"brz-img\" src=\"http:\/\/potegatradycji.pl\/wp-content\/uploads\/brizy\/imgs\/dziedzictwo_kulinarne-185x253x0x0x185x253x1727551843.jpg\" alt=\"\" loading=\"lazy\"><\/a><\/div>\n<\/div>\n<\/div>\n<\/div>\n<\/div>\n<\/div>\n<\/div>\n<\/div>\n<\/section>\n<\/div>\n<p>    <!-- version:1732530117 --><\/p>","protected":false},"excerpt":{"rendered":"<p>Pot\u0119ga tradycji w parze z nowoczesno\u015bci\u0105 W parze z nowoczesno\u015bci\u0105 Szlachetnym trunkiem \u201edla zdrowotno\u015bci\u201d raczono si\u0119 ju\u017c przed wiekami. O [&hellip;]<\/p>","protected":false},"author":1,"featured_media":0,"parent":0,"menu_order":0,"comment_status":"closed","ping_status":"closed","template":"brizy-blank-template.php","meta":{"site-sidebar-layout":"default","site-content-layout":"","ast-site-content-layout":"default","site-content-style":"default","site-sidebar-style":"default","ast-global-header-display":"","ast-banner-title-visibility":"","ast-main-header-display":"","ast-hfb-above-header-display":"","ast-hfb-below-header-display":"","ast-hfb-mobile-header-display":"","site-post-title":"","ast-breadcrumbs-content":"","ast-featured-img":"","footer-sml-layout":"","ast-disable-related-posts":"","theme-transparent-header-meta":"","adv-header-id-meta":"","stick-header-meta":"","header-above-stick-meta":"","header-main-stick-meta":"","header-below-stick-meta":"","astra-migrate-meta-layouts":"default","ast-page-background-enabled":"default","ast-page-background-meta":{"desktop":{"background-color":"var(--ast-global-color-4)","background-image":"","background-repeat":"repeat","background-position":"center center","background-size":"auto","background-attachment":"scroll","background-type":"","background-media":"","overlay-type":"","overlay-color":"","overlay-opacity":"","overlay-gradient":""},"tablet":{"background-color":"","background-image":"","background-repeat":"repeat","background-position":"center center","background-size":"auto","background-attachment":"scroll","background-type":"","background-media":"","overlay-type":"","overlay-color":"","overlay-opacity":"","overlay-gradient":""},"mobile":{"background-color":"","background-image":"","background-repeat":"repeat","background-position":"center center","background-size":"auto","background-attachment":"scroll","background-type":"","background-media":"","overlay-type":"","overlay-color":"","overlay-opacity":"","overlay-gradient":""}},"ast-content-background-meta":{"desktop":{"background-color":"var(--ast-global-color-5)","background-image":"","background-repeat":"repeat","background-position":"center center","background-size":"auto","background-attachment":"scroll","background-type":"","background-media":"","overlay-type":"","overlay-color":"","overlay-opacity":"","overlay-gradient":""},"tablet":{"background-color":"var(--ast-global-color-5)","background-image":"","background-repeat":"repeat","background-position":"center center","background-size":"auto","background-attachment":"scroll","background-type":"","background-media":"","overlay-type":"","overlay-color":"","overlay-opacity":"","overlay-gradient":""},"mobile":{"background-color":"var(--ast-global-color-5)","background-image":"","background-repeat":"repeat","background-position":"center center","background-size":"auto","background-attachment":"scroll","background-type":"","background-media":"","overlay-type":"","overlay-color":"","overlay-opacity":"","overlay-gradient":""}},"footnotes":""},"class_list":["post-8","page","type-page","status-publish","hentry"],"brizy_media":[{"id":24,"url":"http:\/\/potegatradycji.pl\/wp-content\/uploads\/2024\/09\/para_wino.jpg","name":"para_wino.jpg","meta":{"brizy_attachment_uid":"wp-8a9b5203cb6ef508cfb18df1468cfed7.jpg","brizy_post_uid":["740dcfd033e6db966597c5495ed941a4"]}},{"id":15,"url":"http:\/\/potegatradycji.pl\/wp-content\/uploads\/2024\/09\/9f083f3b5762ae72e7a7901ff5740580.jpg","name":"9f083f3b5762ae72e7a7901ff5740580.jpg","meta":{"brizy_attachment_uid":"9f083f3b5762ae72e7a7901ff5740580.jpg","brizy_post_uid":["740dcfd033e6db966597c5495ed941a4"]}},{"id":28,"url":"http:\/\/potegatradycji.pl\/wp-content\/uploads\/2024\/09\/eko.jpg","name":"eko.jpg","meta":{"brizy_attachment_uid":"wp-730da0db3cf9d82722691d6ac4ee07de.jpg","brizy_post_uid":["740dcfd033e6db966597c5495ed941a4"]}},{"id":29,"url":"http:\/\/potegatradycji.pl\/wp-content\/uploads\/2024\/09\/dziedzictwo_kulinarne.jpg","name":"dziedzictwo_kulinarne.jpg","meta":{"brizy_attachment_uid":"wp-2f477b2f8685cb8a2161c9cce835bbf2.jpg","brizy_post_uid":["740dcfd033e6db966597c5495ed941a4"]}},{"id":21,"url":"http:\/\/potegatradycji.pl\/wp-content\/uploads\/2024\/09\/logo.png","name":"logo.png","meta":{"brizy_attachment_uid":"wp-a5b12e308d063963dae45e08edb272f3.png","brizy_post_uid":["740dcfd033e6db966597c5495ed941a4"]}},{"id":30,"url":"http:\/\/potegatradycji.pl\/wp-content\/uploads\/2024\/09\/wino_badania.jpg","name":"wino_badania.jpg","meta":{"brizy_attachment_uid":"wp-0842315c66fe73356cc51a51030f3f09.jpg","brizy_post_uid":["740dcfd033e6db966597c5495ed941a4"]}},{"id":25,"url":"http:\/\/potegatradycji.pl\/wp-content\/uploads\/2024\/09\/czerwone_zdrowie.jpg","name":"czerwone_zdrowie.jpg","meta":{"brizy_attachment_uid":"wp-5fd11bc21a361b939483f9c004f5700b.jpg","brizy_post_uid":["740dcfd033e6db966597c5495ed941a4"]}}],"_links":{"self":[{"href":"http:\/\/potegatradycji.pl\/en\/wp-json\/wp\/v2\/pages\/8","targetHints":{"allow":["GET"]}}],"collection":[{"href":"http:\/\/potegatradycji.pl\/en\/wp-json\/wp\/v2\/pages"}],"about":[{"href":"http:\/\/potegatradycji.pl\/en\/wp-json\/wp\/v2\/types\/page"}],"author":[{"embeddable":true,"href":"http:\/\/potegatradycji.pl\/en\/wp-json\/wp\/v2\/users\/1"}],"replies":[{"embeddable":true,"href":"http:\/\/potegatradycji.pl\/en\/wp-json\/wp\/v2\/comments?post=8"}],"version-history":[{"count":12,"href":"http:\/\/potegatradycji.pl\/en\/wp-json\/wp\/v2\/pages\/8\/revisions"}],"predecessor-version":[{"id":213,"href":"http:\/\/potegatradycji.pl\/en\/wp-json\/wp\/v2\/pages\/8\/revisions\/213"}],"wp:attachment":[{"href":"http:\/\/potegatradycji.pl\/en\/wp-json\/wp\/v2\/media?parent=8"}],"curies":[{"name":"wp","href":"https:\/\/api.w.org\/{rel}","templated":true}]}}